{"id":2498,"date":"2021-09-23T15:39:44","date_gmt":"2021-09-23T13:39:44","guid":{"rendered":"https:\/\/pluss-sc.ch\/dienstleistungen\/"},"modified":"2022-01-27T11:34:25","modified_gmt":"2022-01-27T10:34:25","slug":"dienstleistungen","status":"publish","type":"page","link":"https:\/\/pluss-sc.ch\/de\/dienstleistungen\/","title":{"rendered":"Dienstleistungen"},"content":{"rendered":"\t\t<div data-elementor-type=\"wp-page\" data-elementor-id=\"2498\" class=\"elementor elementor-2498 elementor-814\">\n\t\t\t\t\t\t<div class=\"elementor-inner\">\n\t\t\t\t<div class=\"elementor-section-wrap\">\n\t\t\t\t\t\t\t\t\t<section class=\"elementor-section elementor-top-section elementor-element elementor-element-455b70f elementor-section-boxed elementor-section-height-default elementor-section-height-default\" data-id=\"455b70f\" data-element_type=\"section\">\n\t\t\t\t\t\t<div class=\"elementor-container elementor-column-gap-default\">\n\t\t\t\t\t\t\t<div class=\"elementor-row\">\n\t\t\t\t\t<div class=\"elementor-column elementor-col-100 elementor-top-column elementor-element elementor-element-38ff3fb\" data-id=\"38ff3fb\" data-element_type=\"column\">\n\t\t\t<div class=\"elementor-column-wrap elementor-element-populated\">\n\t\t\t\t\t\t\t<div class=\"elementor-widget-wrap\">\n\t\t\t\t\t\t<div class=\"elementor-element elementor-element-9714827 elementor-widget elementor-widget-menu-anchor\" data-id=\"9714827\" data-element_type=\"widget\" data-widget_type=\"menu-anchor.default\">\n\t\t\t\t<div class=\"elementor-widget-container\">\n\t\t\t\t\t<div id=\"SAV\" class=\"elementor-menu-anchor\"><\/div>\n\t\t\t\t<\/div>\n\t\t\t\t<\/div>\n\t\t\t\t<div class=\"elementor-element elementor-element-49cfd4b elementor-widget elementor-widget-heading\" data-id=\"49cfd4b\" data-element_type=\"widget\" data-widget_type=\"heading.default\">\n\t\t\t\t<div class=\"elementor-widget-container\">\n\t\t\t<h2 class=\"elementor-heading-title elementor-size-default\">Kundendienst<\/h2>\t\t<\/div>\n\t\t\t\t<\/div>\n\t\t\t\t<div class=\"elementor-element elementor-element-0525734 elementor-widget elementor-widget-text-editor\" data-id=\"0525734\" data-element_type=\"widget\" data-widget_type=\"text-editor.default\">\n\t\t\t\t<div class=\"elementor-widget-container\">\n\t\t\t\t\t\t\t\t<div class=\"elementor-text-editor elementor-clearfix\">\n\t\t\t\t<p>Die Qualit\u00e4t und Zuverl\u00e4ssigkeit eines Produkts ist ein wichtiger Faktor. Ein effizienter technischer Dienst ist ebenfalls wichtig, da er die gesamte Lebensdauer einer Produktionsanlage begleitet und sich um die Installation, Inbetriebnahme, vorbeugende Wartung, Fehlerbehebung und technische Unterst\u00fctzung k\u00fcmmert.<\/p><p>Unsere beiden gut ausgebildeten und erfahrenen Servicetechniker arbeiten in einer modern ausgestatteten Reparaturwerkstatt. Sie reparieren alle Schweiss- und Schneidanlagen sowie andere Ger\u00e4te, die zu unserer Aktivit\u00e4t geh\u00f6ren, von professionellen Markenherstellern.<\/p><p>Das Reparaturverfahren besteht aus einer Sichtpr\u00fcfung und dem Stellen der Diagnose, was durch die Verwendung spezieller Testwerkzeuge erleichtert wird. Anschliessend wird ein Reparaturangebot erstellt. Sicherheitstests mit Ausstellung eines Zertifikats und eines Aufklebers (der auf die Maschine geklebt wird) werden durchgef\u00fchrt. Diese bestehen haupts\u00e4chlich aus:<\/p><p>Pr\u00fcfen von Lichtbogenschweisseinrichtungen gem\u00e4ss Norm EN 60974-4 mit Zertifikat.<\/p><p>Inspektion und Pr\u00fcfung w\u00e4hrend des Betriebes (IEC 60974-4:2011) VDE 0544-4.<\/p><p>Pr\u00fcfverfahren zur Gew\u00e4hrleistung der elektrischen Sicherheit nach der Reparatur.<\/p><p>\u00a0<\/p><p>Ausgef\u00fchrte Pr\u00fcfungen<\/p><ul><li>Sichtpr\u00fcfung<\/li><li>Schutzleiterwiderstand<\/li><li>Isolationswiderst\u00e4nde<\/li><li>Funktionstest<\/li><\/ul>\t\t\t\t\t<\/div>\n\t\t\t\t\t\t<\/div>\n\t\t\t\t<\/div>\n\t\t\t\t<div class=\"elementor-element elementor-element-5a72422 elementor-widget elementor-widget-spacer\" data-id=\"5a72422\" data-element_type=\"widget\" data-widget_type=\"spacer.default\">\n\t\t\t\t<div class=\"elementor-widget-container\">\n\t\t\t\t\t<div class=\"elementor-spacer\">\n\t\t\t<div class=\"elementor-spacer-inner\"><\/div>\n\t\t<\/div>\n\t\t\t\t<\/div>\n\t\t\t\t<\/div>\n\t\t\t\t<div class=\"elementor-element elementor-element-8edf6aa elementor-widget elementor-widget-menu-anchor\" data-id=\"8edf6aa\" data-element_type=\"widget\" data-widget_type=\"menu-anchor.default\">\n\t\t\t\t<div class=\"elementor-widget-container\">\n\t\t\t\t\t<div id=\"Calibration\" class=\"elementor-menu-anchor\"><\/div>\n\t\t\t\t<\/div>\n\t\t\t\t<\/div>\n\t\t\t\t\t\t<\/div>\n\t\t\t\t\t<\/div>\n\t\t<\/div>\n\t\t\t\t\t\t\t\t<\/div>\n\t\t\t\t\t<\/div>\n\t\t<\/section>\n\t\t\t\t<section class=\"elementor-section elementor-top-section elementor-element elementor-element-82f9454 elementor-section-boxed elementor-section-height-default elementor-section-height-default\" data-id=\"82f9454\" data-element_type=\"section\" data-settings=\"{&quot;background_background&quot;:&quot;classic&quot;}\">\n\t\t\t\t\t\t<div class=\"elementor-container elementor-column-gap-default\">\n\t\t\t\t\t\t\t<div class=\"elementor-row\">\n\t\t\t\t\t<div class=\"elementor-column elementor-col-50 elementor-top-column elementor-element elementor-element-f8d454c\" data-id=\"f8d454c\" data-element_type=\"column\">\n\t\t\t<div class=\"elementor-column-wrap elementor-element-populated\">\n\t\t\t\t\t\t\t<div class=\"elementor-widget-wrap\">\n\t\t\t\t\t\t<div class=\"elementor-element elementor-element-4685504 elementor-widget elementor-widget-heading\" data-id=\"4685504\" data-element_type=\"widget\" data-widget_type=\"heading.default\">\n\t\t\t\t<div class=\"elementor-widget-container\">\n\t\t\t<h2 class=\"elementor-heading-title elementor-size-default\">Kalibrierung<\/h2>\t\t<\/div>\n\t\t\t\t<\/div>\n\t\t\t\t<div class=\"elementor-element elementor-element-f95c822 elementor-widget elementor-widget-text-editor\" data-id=\"f95c822\" data-element_type=\"widget\" data-widget_type=\"text-editor.default\">\n\t\t\t\t<div class=\"elementor-widget-container\">\n\t\t\t\t\t\t\t\t<div class=\"elementor-text-editor elementor-clearfix\">\n\t\t\t\t<p>F\u00fcr uns steht die Produktionsqualit\u00e4t der Kunden an erster Stelle. Um bei Schweissger\u00e4ten diesen Qualit\u00e4tsstandard langfristig zu sichern, ist eine regelm\u00e4ssige Kalibrierung notwendig. Gerade f\u00fcr schweisstechnische Betriebe ist es sehr wichtig, dass Ger\u00e4te w\u00e4hrend der gesamten Lebensdauer gleichwertige und gleichbleibende Schweissergebnisse liefern. Fronius empfiehlt dahingehend ein einj\u00e4hriges Kalibrierungsintervall und erledigt die Kalibrierung nach den aktuellsten Bestimmungen sowohl f\u00fcr Lichtbogenschweisssysteme als auch f\u00fcr DeltaSpot.<\/p>\n<ul>\n<li>Durchf\u00fchrung einer detaillierten Systemkontrolle\n<ul>\n<li>Messung von Spannung, Stromst\u00e4rke und Drahtvorschubgeschwindigkeit<\/li>\n<li>Analyse der Ergebnisse im Hinblick auf die Einhaltung von Toleranzen<\/li>\n<li>Neu justieren des Systems \u2013 es erfolgt ein genaues Einrichten der Schweissparameter<\/li>\n<\/ul>\n<\/li>\n<li>Ber\u00fccksichtigung von\n<ul>\n<li>Qualit\u00e4tssicherungsnormen der ISO 9000 Reihe<\/li>\n<li>Produkthaftungsgesetz<\/li>\n<li>EN 50504 (Validierung von Lichtbogenschweisseinrichtungen)<\/li>\n<\/ul>\n<\/li>\n<li>Ausstellung von Kalibrierschein und Pr\u00fcfprotokoll inkl. Messwerte<\/li>\n<li>Anbringen einer Kalibrierplakette nach Abschluss der Kalibrierung<\/li>\n<\/ul>\n<p>Auf Anfrage kalibrieren unsere Techniker auch gerne Schweisssysteme anderer Hersteller!<\/p>\n<p>Einhalten genormter Qualit\u00e4tsanforderungen: Vor allem bei speziellen Qualit\u00e4tsanforderungen im geregelten Bereich der Schwesstechnik ist die regelm\u00e4ssige Kalibrierung der Schweissstromquellen unerl\u00e4sslich.&nbsp;<\/p>\n<p>\u00dcbertragbarkeit: Die \u00dcbertragung festgelegter Schweissparameter auf verschiedene Stromquellen ist nur dann m\u00f6glich, wenn alle Stromquellen gleich kalibriert sind und bei gleichen Einstellungen gleiche Ergebnisse liefern.<\/p>\n<p>Kalibrieren nach EN 50504: Die europ\u00e4ische Norm EN 50504 legt Validierungsverfahren f\u00fcr Lichtbogenschweisseinrichtungen fest und muss von allen Herstellern, die nach EN 1090 (Norm f\u00fcr die Ausf\u00fchrung von Stahltragwerken und Aluminiumtragwerken) zertifiziert sind, verpflichtend eingehalten werden.<\/p>\t\t\t\t\t<\/div>\n\t\t\t\t\t\t<\/div>\n\t\t\t\t<\/div>\n\t\t\t\t\t\t<\/div>\n\t\t\t\t\t<\/div>\n\t\t<\/div>\n\t\t\t\t<div class=\"elementor-column elementor-col-50 elementor-top-column elementor-element elementor-element-185ffb9\" data-id=\"185ffb9\" data-element_type=\"column\">\n\t\t\t<div class=\"elementor-column-wrap elementor-element-populated\">\n\t\t\t\t\t\t\t<div class=\"elementor-widget-wrap\">\n\t\t\t\t\t\t<div class=\"elementor-element elementor-element-d270706 elementor-widget elementor-widget-video\" data-id=\"d270706\" data-element_type=\"widget\" data-settings=\"{&quot;youtube_url&quot;:&quot;https:\\\/\\\/youtu.be\\\/_Xh9yrfc47g&quot;,&quot;video_type&quot;:&quot;youtube&quot;,&quot;controls&quot;:&quot;yes&quot;}\" data-widget_type=\"video.default\">\n\t\t\t\t<div class=\"elementor-widget-container\">\n\t\t\t\t\t<div class=\"elementor-wrapper elementor-open-inline\">\n\t\t\t<div class=\"elementor-video\"><\/div>\t\t<\/div>\n\t\t\t\t<\/div>\n\t\t\t\t<\/div>\n\t\t\t\t\t\t<\/div>\n\t\t\t\t\t<\/div>\n\t\t<\/div>\n\t\t\t\t\t\t\t\t<\/div>\n\t\t\t\t\t<\/div>\n\t\t<\/section>\n\t\t\t\t\t\t\t\t\t<\/div>\n\t\t\t<\/div>\n\t\t\t\t\t<\/div>\n\t\t","protected":false},"excerpt":{"rendered":"<p>Kundendienst Die Qualit\u00e4t und Zuverl\u00e4ssigkeit eines Produkts ist ein wichtiger Faktor. Ein effizienter technischer Dienst ist ebenfalls wichtig, da er die gesamte Lebensdauer einer Produktionsanlage begleitet und sich um die Installation, Inbetriebnahme, vorbeugende Wartung, Fehlerbehebung und technische Unterst\u00fctzung k\u00fcmmert. Unsere beiden gut ausgebildeten und erfahrenen Servicetechniker arbeiten in einer modern ausgestatteten Reparaturwerkstatt. Sie reparieren alle [&hellip;]<\/p>\n","protected":false},"author":3,"featured_media":0,"parent":0,"menu_order":0,"comment_status":"closed","ping_status":"closed","template":"","meta":{"footnotes":""},"class_list":["post-2498","page","type-page","status-publish","hentry"],"acf":[],"yoast_head":"<!-- This site is optimized with the Yoast SEO plugin v20.2.1 - https:\/\/yoast.com\/wordpress\/plugins\/seo\/ -->\n<title>Dienstleistungen - Pl\u00fcss SC<\/title>\n<meta name=\"robots\" content=\"index, follow, max-snippet:-1, max-image-preview:large, max-video-preview:-1\" \/>\n<link rel=\"canonical\" href=\"https:\/\/pluss-sc.ch\/de\/dienstleistungen\/\" \/>\n<meta property=\"og:locale\" content=\"de_DE\" \/>\n<meta property=\"og:type\" content=\"article\" \/>\n<meta property=\"og:title\" content=\"Dienstleistungen - Pl\u00fcss SC\" \/>\n<meta property=\"og:description\" content=\"Kundendienst Die Qualit\u00e4t und Zuverl\u00e4ssigkeit eines Produkts ist ein wichtiger Faktor. Ein effizienter technischer Dienst ist ebenfalls wichtig, da er die gesamte Lebensdauer einer Produktionsanlage begleitet und sich um die Installation, Inbetriebnahme, vorbeugende Wartung, Fehlerbehebung und technische Unterst\u00fctzung k\u00fcmmert. Unsere beiden gut ausgebildeten und erfahrenen Servicetechniker arbeiten in einer modern ausgestatteten Reparaturwerkstatt. Sie reparieren alle [&hellip;]\" \/>\n<meta property=\"og:url\" content=\"https:\/\/pluss-sc.ch\/de\/dienstleistungen\/\" \/>\n<meta property=\"og:site_name\" content=\"Pl\u00fcss SC\" \/>\n<meta property=\"article:modified_time\" content=\"2022-01-27T10:34:25+00:00\" \/>\n<meta name=\"twitter:card\" content=\"summary_large_image\" \/>\n<meta name=\"twitter:label1\" content=\"Gesch\u00e4tzte Lesezeit\" \/>\n\t<meta name=\"twitter:data1\" content=\"3\u00a0Minuten\" \/>\n<script type=\"application\/ld+json\" class=\"yoast-schema-graph\">{\"@context\":\"https:\/\/schema.org\",\"@graph\":[{\"@type\":\"WebPage\",\"@id\":\"https:\/\/pluss-sc.ch\/de\/dienstleistungen\/\",\"url\":\"https:\/\/pluss-sc.ch\/de\/dienstleistungen\/\",\"name\":\"Dienstleistungen - Pl\u00fcss SC\",\"isPartOf\":{\"@id\":\"https:\/\/pluss-sc.ch\/de\/#website\"},\"datePublished\":\"2021-09-23T13:39:44+00:00\",\"dateModified\":\"2022-01-27T10:34:25+00:00\",\"breadcrumb\":{\"@id\":\"https:\/\/pluss-sc.ch\/de\/dienstleistungen\/#breadcrumb\"},\"inLanguage\":\"de\",\"potentialAction\":[{\"@type\":\"ReadAction\",\"target\":[\"https:\/\/pluss-sc.ch\/de\/dienstleistungen\/\"]}]},{\"@type\":\"BreadcrumbList\",\"@id\":\"https:\/\/pluss-sc.ch\/de\/dienstleistungen\/#breadcrumb\",\"itemListElement\":[{\"@type\":\"ListItem\",\"position\":1,\"name\":\"Accueil\",\"item\":\"https:\/\/pluss-sc.ch\/de\/\"},{\"@type\":\"ListItem\",\"position\":2,\"name\":\"Dienstleistungen\"}]},{\"@type\":\"WebSite\",\"@id\":\"https:\/\/pluss-sc.ch\/de\/#website\",\"url\":\"https:\/\/pluss-sc.ch\/de\/\",\"name\":\"Pl\u00fcss SC\",\"description\":\"soudage et coupage\",\"publisher\":{\"@id\":\"https:\/\/pluss-sc.ch\/de\/#organization\"},\"potentialAction\":[{\"@type\":\"SearchAction\",\"target\":{\"@type\":\"EntryPoint\",\"urlTemplate\":\"https:\/\/pluss-sc.ch\/de\/?s={search_term_string}\"},\"query-input\":\"required name=search_term_string\"}],\"inLanguage\":\"de\"},{\"@type\":\"Organization\",\"@id\":\"https:\/\/pluss-sc.ch\/de\/#organization\",\"name\":\"Pl\u00fcss S\u00e0rl\",\"url\":\"https:\/\/pluss-sc.ch\/de\/\",\"logo\":{\"@type\":\"ImageObject\",\"inLanguage\":\"de\",\"@id\":\"https:\/\/pluss-sc.ch\/de\/#\/schema\/logo\/image\/\",\"url\":\"https:\/\/pluss-sc.ch\/wp-content\/uploads\/2021\/08\/Fichier-2-1-1.svg\",\"contentUrl\":\"https:\/\/pluss-sc.ch\/wp-content\/uploads\/2021\/08\/Fichier-2-1-1.svg\",\"width\":792,\"height\":153,\"caption\":\"Pl\u00fcss S\u00e0rl\"},\"image\":{\"@id\":\"https:\/\/pluss-sc.ch\/de\/#\/schema\/logo\/image\/\"}}]}<\/script>\n<!-- \/ Yoast SEO plugin. -->","yoast_head_json":{"title":"Dienstleistungen - Pl\u00fcss SC","robots":{"index":"index","follow":"follow","max-snippet":"max-snippet:-1","max-image-preview":"max-image-preview:large","max-video-preview":"max-video-preview:-1"},"canonical":"https:\/\/pluss-sc.ch\/de\/dienstleistungen\/","og_locale":"de_DE","og_type":"article","og_title":"Dienstleistungen - Pl\u00fcss SC","og_description":"Kundendienst Die Qualit\u00e4t und Zuverl\u00e4ssigkeit eines Produkts ist ein wichtiger Faktor. Ein effizienter technischer Dienst ist ebenfalls wichtig, da er die gesamte Lebensdauer einer Produktionsanlage begleitet und sich um die Installation, Inbetriebnahme, vorbeugende Wartung, Fehlerbehebung und technische Unterst\u00fctzung k\u00fcmmert. Unsere beiden gut ausgebildeten und erfahrenen Servicetechniker arbeiten in einer modern ausgestatteten Reparaturwerkstatt. Sie reparieren alle [&hellip;]","og_url":"https:\/\/pluss-sc.ch\/de\/dienstleistungen\/","og_site_name":"Pl\u00fcss SC","article_modified_time":"2022-01-27T10:34:25+00:00","twitter_card":"summary_large_image","twitter_misc":{"Gesch\u00e4tzte Lesezeit":"3\u00a0Minuten"},"schema":{"@context":"https:\/\/schema.org","@graph":[{"@type":"WebPage","@id":"https:\/\/pluss-sc.ch\/de\/dienstleistungen\/","url":"https:\/\/pluss-sc.ch\/de\/dienstleistungen\/","name":"Dienstleistungen - Pl\u00fcss SC","isPartOf":{"@id":"https:\/\/pluss-sc.ch\/de\/#website"},"datePublished":"2021-09-23T13:39:44+00:00","dateModified":"2022-01-27T10:34:25+00:00","breadcrumb":{"@id":"https:\/\/pluss-sc.ch\/de\/dienstleistungen\/#breadcrumb"},"inLanguage":"de","potentialAction":[{"@type":"ReadAction","target":["https:\/\/pluss-sc.ch\/de\/dienstleistungen\/"]}]},{"@type":"BreadcrumbList","@id":"https:\/\/pluss-sc.ch\/de\/dienstleistungen\/#breadcrumb","itemListElement":[{"@type":"ListItem","position":1,"name":"Accueil","item":"https:\/\/pluss-sc.ch\/de\/"},{"@type":"ListItem","position":2,"name":"Dienstleistungen"}]},{"@type":"WebSite","@id":"https:\/\/pluss-sc.ch\/de\/#website","url":"https:\/\/pluss-sc.ch\/de\/","name":"Pl\u00fcss SC","description":"soudage et coupage","publisher":{"@id":"https:\/\/pluss-sc.ch\/de\/#organization"},"potentialAction":[{"@type":"SearchAction","target":{"@type":"EntryPoint","urlTemplate":"https:\/\/pluss-sc.ch\/de\/?s={search_term_string}"},"query-input":"required name=search_term_string"}],"inLanguage":"de"},{"@type":"Organization","@id":"https:\/\/pluss-sc.ch\/de\/#organization","name":"Pl\u00fcss S\u00e0rl","url":"https:\/\/pluss-sc.ch\/de\/","logo":{"@type":"ImageObject","inLanguage":"de","@id":"https:\/\/pluss-sc.ch\/de\/#\/schema\/logo\/image\/","url":"https:\/\/pluss-sc.ch\/wp-content\/uploads\/2021\/08\/Fichier-2-1-1.svg","contentUrl":"https:\/\/pluss-sc.ch\/wp-content\/uploads\/2021\/08\/Fichier-2-1-1.svg","width":792,"height":153,"caption":"Pl\u00fcss S\u00e0rl"},"image":{"@id":"https:\/\/pluss-sc.ch\/de\/#\/schema\/logo\/image\/"}}]}},"_links":{"self":[{"href":"https:\/\/pluss-sc.ch\/de\/wp-json\/wp\/v2\/pages\/2498","targetHints":{"allow":["GET"]}}],"collection":[{"href":"https:\/\/pluss-sc.ch\/de\/wp-json\/wp\/v2\/pages"}],"about":[{"href":"https:\/\/pluss-sc.ch\/de\/wp-json\/wp\/v2\/types\/page"}],"author":[{"embeddable":true,"href":"https:\/\/pluss-sc.ch\/de\/wp-json\/wp\/v2\/users\/3"}],"replies":[{"embeddable":true,"href":"https:\/\/pluss-sc.ch\/de\/wp-json\/wp\/v2\/comments?post=2498"}],"version-history":[{"count":22,"href":"https:\/\/pluss-sc.ch\/de\/wp-json\/wp\/v2\/pages\/2498\/revisions"}],"predecessor-version":[{"id":3123,"href":"https:\/\/pluss-sc.ch\/de\/wp-json\/wp\/v2\/pages\/2498\/revisions\/3123"}],"wp:attachment":[{"href":"https:\/\/pluss-sc.ch\/de\/wp-json\/wp\/v2\/media?parent=2498"}],"curies":[{"name":"wp","href":"https:\/\/api.w.org\/{rel}","templated":true}]}}