{"id":2817,"date":"2021-09-28T09:25:49","date_gmt":"2021-09-28T07:25:49","guid":{"rendered":"https:\/\/pluss-sc.ch\/aspirateurs-de-fumees\/"},"modified":"2022-01-18T10:35:06","modified_gmt":"2022-01-18T09:35:06","slug":"mobile-absauggerate","status":"publish","type":"page","link":"https:\/\/pluss-sc.ch\/de\/mobile-absauggerate\/","title":{"rendered":"Mobile Absaugger\u00e4te f\u00fcr Schweissrauch"},"content":{"rendered":"\t\t<div data-elementor-type=\"wp-page\" data-elementor-id=\"2817\" class=\"elementor elementor-2817 elementor-935\">\n\t\t\t\t\t\t<div class=\"elementor-inner\">\n\t\t\t\t<div class=\"elementor-section-wrap\">\n\t\t\t\t\t\t\t\t\t<section class=\"elementor-section elementor-top-section elementor-element elementor-element-455b70f elementor-section-boxed elementor-section-height-default elementor-section-height-default\" data-id=\"455b70f\" data-element_type=\"section\">\n\t\t\t\t\t\t<div class=\"elementor-container elementor-column-gap-default\">\n\t\t\t\t\t\t\t<div class=\"elementor-row\">\n\t\t\t\t\t<div class=\"elementor-column elementor-col-100 elementor-top-column elementor-element elementor-element-cbc849c\" data-id=\"cbc849c\" data-element_type=\"column\">\n\t\t\t<div class=\"elementor-column-wrap elementor-element-populated\">\n\t\t\t\t\t\t\t<div class=\"elementor-widget-wrap\">\n\t\t\t\t\t\t<div class=\"elementor-element elementor-element-4685504 elementor-widget elementor-widget-heading\" data-id=\"4685504\" data-element_type=\"widget\" data-widget_type=\"heading.default\">\n\t\t\t\t<div class=\"elementor-widget-container\">\n\t\t\t<h2 class=\"elementor-heading-title elementor-size-default\">Mobile Absaugger\u00e4te f\u00fcr Schweissrauch<\/h2>\t\t<\/div>\n\t\t\t\t<\/div>\n\t\t\t\t\t\t<\/div>\n\t\t\t\t\t<\/div>\n\t\t<\/div>\n\t\t\t\t\t\t\t\t<\/div>\n\t\t\t\t\t<\/div>\n\t\t<\/section>\n\t\t\t\t\t\t\t\t\t<\/div>\n\t\t\t<\/div>\n\t\t\t\t\t<\/div>\n\t\t","protected":false},"excerpt":{"rendered":"","protected":false},"author":3,"featured_media":0,"parent":0,"menu_order":0,"comment_status":"closed","ping_status":"closed","template":"","meta":{"footnotes":""},"class_list":["post-2817","page","type-page","status-publish","hentry"],"acf":[],"yoast_head":"<!-- This site is optimized with the Yoast SEO plugin v20.2.1 - https:\/\/yoast.com\/wordpress\/plugins\/seo\/ -->\n<title>Mobile Absaugger\u00e4te f\u00fcr Schweissrauch - Pl\u00fcss SC<\/title>\n<meta name=\"robots\" content=\"index, follow, max-snippet:-1, max-image-preview:large, max-video-preview:-1\" \/>\n<link rel=\"canonical\" href=\"https:\/\/pluss-sc.ch\/de\/mobile-absauggerate\/\" \/>\n<meta property=\"og:locale\" content=\"de_DE\" \/>\n<meta property=\"og:type\" content=\"article\" \/>\n<meta property=\"og:title\" content=\"Mobile Absaugger\u00e4te f\u00fcr Schweissrauch - Pl\u00fcss SC\" \/>\n<meta property=\"og:url\" content=\"https:\/\/pluss-sc.ch\/de\/mobile-absauggerate\/\" \/>\n<meta property=\"og:site_name\" content=\"Pl\u00fcss SC\" \/>\n<meta property=\"article:modified_time\" content=\"2022-01-18T09:35:06+00:00\" \/>\n<meta name=\"twitter:card\" content=\"summary_large_image\" \/>\n<meta name=\"twitter:label1\" content=\"Gesch\u00e4tzte Lesezeit\" \/>\n\t<meta name=\"twitter:data1\" content=\"1\u00a0Minute\" \/>\n<script type=\"application\/ld+json\" class=\"yoast-schema-graph\">{\"@context\":\"https:\/\/schema.org\",\"@graph\":[{\"@type\":\"WebPage\",\"@id\":\"https:\/\/pluss-sc.ch\/de\/mobile-absauggerate\/\",\"url\":\"https:\/\/pluss-sc.ch\/de\/mobile-absauggerate\/\",\"name\":\"Mobile Absaugger\u00e4te f\u00fcr Schweissrauch - Pl\u00fcss SC\",\"isPartOf\":{\"@id\":\"https:\/\/pluss-sc.ch\/de\/#website\"},\"datePublished\":\"2021-09-28T07:25:49+00:00\",\"dateModified\":\"2022-01-18T09:35:06+00:00\",\"breadcrumb\":{\"@id\":\"https:\/\/pluss-sc.ch\/de\/mobile-absauggerate\/#breadcrumb\"},\"inLanguage\":\"de\",\"potentialAction\":[{\"@type\":\"ReadAction\",\"target\":[\"https:\/\/pluss-sc.ch\/de\/mobile-absauggerate\/\"]}]},{\"@type\":\"BreadcrumbList\",\"@id\":\"https:\/\/pluss-sc.ch\/de\/mobile-absauggerate\/#breadcrumb\",\"itemListElement\":[{\"@type\":\"ListItem\",\"position\":1,\"name\":\"Accueil\",\"item\":\"https:\/\/pluss-sc.ch\/de\/\"},{\"@type\":\"ListItem\",\"position\":2,\"name\":\"Mobile Absaugger\u00e4te f\u00fcr Schweissrauch\"}]},{\"@type\":\"WebSite\",\"@id\":\"https:\/\/pluss-sc.ch\/de\/#website\",\"url\":\"https:\/\/pluss-sc.ch\/de\/\",\"name\":\"Pl\u00fcss SC\",\"description\":\"soudage et coupage\",\"publisher\":{\"@id\":\"https:\/\/pluss-sc.ch\/de\/#organization\"},\"potentialAction\":[{\"@type\":\"SearchAction\",\"target\":{\"@type\":\"EntryPoint\",\"urlTemplate\":\"https:\/\/pluss-sc.ch\/de\/?s={search_term_string}\"},\"query-input\":\"required name=search_term_string\"}],\"inLanguage\":\"de\"},{\"@type\":\"Organization\",\"@id\":\"https:\/\/pluss-sc.ch\/de\/#organization\",\"name\":\"Pl\u00fcss S\u00e0rl\",\"url\":\"https:\/\/pluss-sc.ch\/de\/\",\"logo\":{\"@type\":\"ImageObject\",\"inLanguage\":\"de\",\"@id\":\"https:\/\/pluss-sc.ch\/de\/#\/schema\/logo\/image\/\",\"url\":\"https:\/\/pluss-sc.ch\/wp-content\/uploads\/2021\/08\/Fichier-2-1-1.svg\",\"contentUrl\":\"https:\/\/pluss-sc.ch\/wp-content\/uploads\/2021\/08\/Fichier-2-1-1.svg\",\"width\":792,\"height\":153,\"caption\":\"Pl\u00fcss S\u00e0rl\"},\"image\":{\"@id\":\"https:\/\/pluss-sc.ch\/de\/#\/schema\/logo\/image\/\"}}]}<\/script>\n<!-- \/ Yoast SEO plugin. -->","yoast_head_json":{"title":"Mobile Absaugger\u00e4te f\u00fcr Schweissrauch - Pl\u00fcss SC","robots":{"index":"index","follow":"follow","max-snippet":"max-snippet:-1","max-image-preview":"max-image-preview:large","max-video-preview":"max-video-preview:-1"},"canonical":"https:\/\/pluss-sc.ch\/de\/mobile-absauggerate\/","og_locale":"de_DE","og_type":"article","og_title":"Mobile Absaugger\u00e4te f\u00fcr Schweissrauch - Pl\u00fcss SC","og_url":"https:\/\/pluss-sc.ch\/de\/mobile-absauggerate\/","og_site_name":"Pl\u00fcss SC","article_modified_time":"2022-01-18T09:35:06+00:00","twitter_card":"summary_large_image","twitter_misc":{"Gesch\u00e4tzte Lesezeit":"1\u00a0Minute"},"schema":{"@context":"https:\/\/schema.org","@graph":[{"@type":"WebPage","@id":"https:\/\/pluss-sc.ch\/de\/mobile-absauggerate\/","url":"https:\/\/pluss-sc.ch\/de\/mobile-absauggerate\/","name":"Mobile Absaugger\u00e4te f\u00fcr Schweissrauch - Pl\u00fcss SC","isPartOf":{"@id":"https:\/\/pluss-sc.ch\/de\/#website"},"datePublished":"2021-09-28T07:25:49+00:00","dateModified":"2022-01-18T09:35:06+00:00","breadcrumb":{"@id":"https:\/\/pluss-sc.ch\/de\/mobile-absauggerate\/#breadcrumb"},"inLanguage":"de","potentialAction":[{"@type":"ReadAction","target":["https:\/\/pluss-sc.ch\/de\/mobile-absauggerate\/"]}]},{"@type":"BreadcrumbList","@id":"https:\/\/pluss-sc.ch\/de\/mobile-absauggerate\/#breadcrumb","itemListElement":[{"@type":"ListItem","position":1,"name":"Accueil","item":"https:\/\/pluss-sc.ch\/de\/"},{"@type":"ListItem","position":2,"name":"Mobile Absaugger\u00e4te f\u00fcr Schweissrauch"}]},{"@type":"WebSite","@id":"https:\/\/pluss-sc.ch\/de\/#website","url":"https:\/\/pluss-sc.ch\/de\/","name":"Pl\u00fcss SC","description":"soudage et coupage","publisher":{"@id":"https:\/\/pluss-sc.ch\/de\/#organization"},"potentialAction":[{"@type":"SearchAction","target":{"@type":"EntryPoint","urlTemplate":"https:\/\/pluss-sc.ch\/de\/?s={search_term_string}"},"query-input":"required name=search_term_string"}],"inLanguage":"de"},{"@type":"Organization","@id":"https:\/\/pluss-sc.ch\/de\/#organization","name":"Pl\u00fcss S\u00e0rl","url":"https:\/\/pluss-sc.ch\/de\/","logo":{"@type":"ImageObject","inLanguage":"de","@id":"https:\/\/pluss-sc.ch\/de\/#\/schema\/logo\/image\/","url":"https:\/\/pluss-sc.ch\/wp-content\/uploads\/2021\/08\/Fichier-2-1-1.svg","contentUrl":"https:\/\/pluss-sc.ch\/wp-content\/uploads\/2021\/08\/Fichier-2-1-1.svg","width":792,"height":153,"caption":"Pl\u00fcss S\u00e0rl"},"image":{"@id":"https:\/\/pluss-sc.ch\/de\/#\/schema\/logo\/image\/"}}]}},"_links":{"self":[{"href":"https:\/\/pluss-sc.ch\/de\/wp-json\/wp\/v2\/pages\/2817","targetHints":{"allow":["GET"]}}],"collection":[{"href":"https:\/\/pluss-sc.ch\/de\/wp-json\/wp\/v2\/pages"}],"about":[{"href":"https:\/\/pluss-sc.ch\/de\/wp-json\/wp\/v2\/types\/page"}],"author":[{"embeddable":true,"href":"https:\/\/pluss-sc.ch\/de\/wp-json\/wp\/v2\/users\/3"}],"replies":[{"embeddable":true,"href":"https:\/\/pluss-sc.ch\/de\/wp-json\/wp\/v2\/comments?post=2817"}],"version-history":[{"count":5,"href":"https:\/\/pluss-sc.ch\/de\/wp-json\/wp\/v2\/pages\/2817\/revisions"}],"predecessor-version":[{"id":2937,"href":"https:\/\/pluss-sc.ch\/de\/wp-json\/wp\/v2\/pages\/2817\/revisions\/2937"}],"wp:attachment":[{"href":"https:\/\/pluss-sc.ch\/de\/wp-json\/wp\/v2\/media?parent=2817"}],"curies":[{"name":"wp","href":"https:\/\/api.w.org\/{rel}","templated":true}]}}